{"id":521,"date":"2014-07-16T10:07:14","date_gmt":"2014-07-16T09:07:14","guid":{"rendered":"http:\/\/www.vorobotics.com\/wp\/?page_id=521"},"modified":"2022-08-28T13:40:38","modified_gmt":"2022-08-28T12:40:38","slug":"la-chartre-des-fablab","status":"publish","type":"page","link":"http:\/\/www.vorobotics.com\/wp\/association-vorobotics\/la-chartre-des-fablab\/","title":{"rendered":"La Chartre des FabLab"},"content":{"rendered":"<p>Puisque le VoLab est un FabLab, voici notre charte :<\/p>\n<p><img class=\"aligncenter\" src=\"http:\/\/fab.cba.mit.edu\/about\/logos\/th_gcsh.rgb.600.jpg\" alt=\"\" \/><\/p>\n<h1 id=\"body_content_title\" style=\"text-align: center;\"><a title=\"Sur le Site http:\/\/fablabinternational.org\" href=\"http:\/\/fablabinternational.org\/fr\/13\/the-fab-charter\" target=\"_blank\" rel=\"noopener\">Charte des Fab Labs<\/a><\/h1>\n<blockquote><p><strong>Mission:<\/strong> les fab labs sont un r\u00e9seau mondial de laboratoires locaux, qui rendent possible l\u2019invention en donnant aux individus acc\u00e8s \u00e0 des outils de fabrication num\u00e9rique.<\/p>\n<p><strong>Acc\u00e8s:<\/strong> vous pouvez utiliser le fab lab pour fabriquer \u00e0 peu pr\u00e8s n\u2019importe quoi (d\u00e8s lors que cela ne nuit \u00e0 personne) ; vous devez apprendre \u00e0 le fabriquer vous-m\u00eame, et vous devez partager l\u2019usage du lab avec d\u2019autres usagers et utilisateurs.<\/p>\n<p><strong>\u00c9ducation:<\/strong> la formation dans le fab lab s\u2019appuie sur des projets et l\u2019apprentissage par les pairs ; vous devez prendre part \u00e0 la capitalisation des connaissances et \u00e0 l\u2019instruction des autres utilisateurs.<\/p>\n<p><strong>Responsabilit\u00e9:<\/strong> vous \u00eates responsable de :<br \/>\n&#8211; La s\u00e9curit\u00e9 : savoir travailler sans mettre en danger d\u2019autres personnes ni endommager les machines,<br \/>\n&#8211; La propret\u00e9 : laisser le lab plus propre que vous ne l\u2019avez trouv\u00e9,<br \/>\n&#8211; La continuit\u00e9 : contribuer \u00e0 entretenir et r\u00e9parer les outils, \u00e0 g\u00e9rer les stocks de fournitures et \u00e0 rendre compte des incidents.<\/p>\n<p><strong>Secret<\/strong>: les concepts et les processus d\u00e9velopp\u00e9s dans les fab labs doivent demeurer disponible pour un usage individuel m\u00eame si la propri\u00e9t\u00e9 intellectuelle peut \u00eatre prot\u00e9g\u00e9e.<\/p>\n<p><strong>Business :<\/strong> des activit\u00e9s commerciales peuvent \u00eatre initi\u00e9es dans les fab labs, mais elles ne doivent pas faire obstacle \u00e0 l\u2019acc\u00e8s ouvert. Elles doivent se d\u00e9velopper au-del\u00e0 du lab plut\u00f4t qu\u2019en son sein et b\u00e9n\u00e9ficier \u00e0 leur tour aux inventeurs, aux labs et aux r\u00e9seaux qui ont contribu\u00e9 \u00e0 leur succ\u00e8s.<\/p><\/blockquote>\n<p>La charte originelle en anglais : <a title=\"La Chartre en anglais\" href=\"http:\/\/fab.cba.mit.edu\/about\/charter\/\" target=\"_blank\" rel=\"noopener\">http:\/\/fab.cba.mit.edu\/about\/charter\/<\/a><\/p>\n<p>La carte des FabLabs : <a title=\"La carte des FabLab\" href=\"http:\/\/wiki.fablab.is\/wiki\/Portal:Labs\" target=\"_blank\" rel=\"noopener\">http:\/\/wiki.fablab.is\/wiki\/Portal:Labs<\/a><\/p>\n","protected":false},"excerpt":{"rendered":"<p>Puisque le VoLab est un FabLab, voici notre charte : Charte des Fab Labs Mission: les fab labs sont un r\u00e9seau mondial de laboratoires locaux, qui rendent possible l\u2019invention en donnant aux individus acc\u00e8s \u00e0 des outils de fabrication num\u00e9rique. &hellip; <a class=\"more-link\" href=\"http:\/\/www.vorobotics.com\/wp\/association-vorobotics\/la-chartre-des-fablab\/\">Lire la suite <span class=\"meta-nav\">&rarr;<\/span><\/a><\/p>\n","protected":false},"author":2,"featured_media":0,"parent":8,"menu_order":0,"comment_status":"closed","ping_status":"closed","template":"","meta":[],"_links":{"self":[{"href":"http:\/\/www.vorobotics.com\/wp\/wp-json\/wp\/v2\/pages\/521"}],"collection":[{"href":"http:\/\/www.vorobotics.com\/wp\/wp-json\/wp\/v2\/pages"}],"about":[{"href":"http:\/\/www.vorobotics.com\/wp\/wp-json\/wp\/v2\/types\/page"}],"author":[{"embeddable":true,"href":"http:\/\/www.vorobotics.com\/wp\/wp-json\/wp\/v2\/users\/2"}],"replies":[{"embeddable":true,"href":"http:\/\/www.vorobotics.com\/wp\/wp-json\/wp\/v2\/comments?post=521"}],"version-history":[{"count":4,"href":"http:\/\/www.vorobotics.com\/wp\/wp-json\/wp\/v2\/pages\/521\/revisions"}],"predecessor-version":[{"id":1349,"href":"http:\/\/www.vorobotics.com\/wp\/wp-json\/wp\/v2\/pages\/521\/revisions\/1349"}],"up":[{"embeddable":true,"href":"http:\/\/www.vorobotics.com\/wp\/wp-json\/wp\/v2\/pages\/8"}],"wp:attachment":[{"href":"http:\/\/www.vorobotics.com\/wp\/wp-json\/wp\/v2\/media?parent=521"}],"curies":[{"name":"wp","href":"https:\/\/api.w.org\/{rel}","templated":true}]}}